{"id":1567,"date":"2025-06-10T15:04:27","date_gmt":"2025-06-10T21:04:27","guid":{"rendered":"https:\/\/blickclub.kursopro.com\/?page_id=1567"},"modified":"2026-04-04T15:58:54","modified_gmt":"2026-04-04T21:58:54","slug":"cursos","status":"publish","type":"page","link":"https:\/\/blickclub.com\/cursos\/","title":{"rendered":"Cursos"},"content":{"rendered":"\t\t<div data-elementor-type=\"wp-page\" data-elementor-id=\"1567\" class=\"elementor elementor-1567\" data-elementor-post-type=\"page\">\n\t\t\t\t<div class=\"elementor-element elementor-element-b621bb7 e-flex e-con-boxed e-con e-parent\" data-id=\"b621bb7\" data-element_type=\"container\" data-e-type=\"container\" data-settings=\"{&quot;background_background&quot;:&quot;classic&quot;,&quot;shape_divider_bottom&quot;:&quot;curve&quot;,&quot;shape_divider_bottom_negative&quot;:&quot;yes&quot;}\">\n\t\t\t\t\t<div class=\"e-con-inner\">\n\t\t\t\t<div class=\"elementor-shape elementor-shape-bottom\" aria-hidden=\"true\" data-negative=\"true\">\n\t\t\t<svg xmlns=\"http:\/\/www.w3.org\/2000\/svg\" viewBox=\"0 0 1000 100\" preserveAspectRatio=\"none\">\n\t<path class=\"elementor-shape-fill\" d=\"M500,97C126.7,96.3,0.8,19.8,0,0v100l1000,0V1C1000,19.4,873.3,97.8,500,97z\"\/>\n<\/svg>\t\t<\/div>\n\t\t<div class=\"elementor-element elementor-element-ebac8e4 e-con-full e-flex e-con e-child\" data-id=\"ebac8e4\" data-element_type=\"container\" data-e-type=\"container\">\n\t\t\t\t<div class=\"elementor-element elementor-element-29b3db9 elementor-widget elementor-widget-heading\" data-id=\"29b3db9\" data-element_type=\"widget\" data-e-type=\"widget\" data-widget_type=\"heading.default\">\n\t\t\t\t\t<h1 class=\"elementor-heading-title elementor-size-default\">Cursos<\/h1>\t\t\t\t<\/div>\n\t\t\t\t<\/div>\n\t\t\t\t\t<\/div>\n\t\t\t\t<\/div>\n\t\t<div class=\"elementor-element elementor-element-804360a e-flex e-con-boxed e-con e-parent\" data-id=\"804360a\" data-element_type=\"container\" data-e-type=\"container\" data-settings=\"{&quot;background_background&quot;:&quot;classic&quot;}\">\n\t\t\t\t\t<div class=\"e-con-inner\">\n\t\t\t\t<div class=\"elementor-element elementor-element-592ba0e elementor-widget elementor-widget-shortcode\" data-id=\"592ba0e\" data-element_type=\"widget\" data-e-type=\"widget\" data-widget_type=\"shortcode.default\">\n\t\t\t\t\t\t\t<div class=\"elementor-shortcode\">\n<div class=\"tutor-wrap tutor-wrap-parent tutor-courses-wrap tutor-container course-archive-page\" data-tutor_courses_meta=\"{&quot;course_filter&quot;:false,&quot;supported_filters&quot;:{&quot;search&quot;:&quot;search&quot;},&quot;loop_content_only&quot;:false,&quot;column_per_row&quot;:&quot;3&quot;,&quot;course_per_page&quot;:6,&quot;show_pagination&quot;:false}\">\n\t\n\t<div class=\"tutor-row tutor-gx-xl-5\">\n\t\t\t\t\t<div class=\"tutor-col-12\">\n\t\t\t\t<div class=\"\">\n\t\t\t\t\t\t\t\t\t<\/div>\n\t\t\t\t<div class=\"tutor-pagination-wrapper-replaceable\" tutor-course-list-container>\n\t\t\t\t\t<div class=\"tutor-course-list tutor-grid tutor-grid-3\">\n<div class=\"tutor-card tutor-course-card\">\n<div class=\"tutor-course-thumbnail\">\n\t<a href=\"https:\/\/blickclub.com\/curso\/curso-de-prueba\/\" class=\"tutor-d-block\">\n\t\t<div class=\"tutor-ratio tutor-ratio-16x9\">\n\t\t\t<img decoding=\"async\" class=\"tutor-card-image-top\" src=\"https:\/\/blickclub.com\/wp-content\/uploads\/sites\/306\/2025\/10\/1.jpg\" alt=\"Curso de Prueba\" loading=\"lazy\">\n\t\t<\/div>\n\t<\/a>\n\t<\/div>\n\n<div class=\"tutor-card-body\">\n\n<div class=\"tutor-course-ratings tutor-mb-8\">\n\t\t<div class=\"tutor-ratings\">\n\t\t<div class=\"tutor-ratings-stars\">\n\t\t\t<span class=\"tutor-icon-star-line\" data-rating-value=\"1\"><\/span><span class=\"tutor-icon-star-line\" data-rating-value=\"2\"><\/span><span class=\"tutor-icon-star-line\" data-rating-value=\"3\"><\/span><span class=\"tutor-icon-star-line\" data-rating-value=\"4\"><\/span><span class=\"tutor-icon-star-line\" data-rating-value=\"5\"><\/span>\t\t<\/div>\n\n\t\t\t<\/div>\n\t<\/div>\n\n<h3 class=\"tutor-course-name tutor-fs-5 tutor-fw-medium\" title=\"Curso de Prueba\">\n\t<a href=\"https:\/\/blickclub.com\/curso\/curso-de-prueba\/\">Curso de Prueba<\/a>\n<\/h3>\n\n\n<div class=\"tutor-meta tutor-mt-auto\">\n\t<div>\n\t\t<a href=\"#\" class=\"tutor-d-flex\">\n\t\t\t<div class=\"tutor-avatar\"><div class=\"tutor-ratio tutor-ratio-1x1\"><span class=\"tutor-avatar-text\">A<\/span><\/div><\/div>\t\t<\/a>\n\t<\/div>\n\n\t<div>\n\t\tpor\t\t<a href=\"#\">aperrettib<\/a>\n\n\t\t\t<\/div>\n<\/div>\n\n<\/div>\n\n<div class=\"tutor-card-footer\">\n\t<div class=\" tutor-d-flex tutor-align-center tutor-justify-between \"><div class=\"list-item-price tutor-d-flex tutor-align-center\"> <span class=\"price tutor-fs-6 tutor-fw-bold tutor-color-black\"><span class=\"woocommerce-Price-amount amount\"><bdi><span class=\"woocommerce-Price-currencySymbol\">&#36;<\/span>25<\/bdi><\/span> <\/span><\/div><div class=\"list-item-button\"> \n\t<a href=\"\/index.php?rest_route=%2Fwp%2Fv2%2Fpages%2F1567&#038;add-to-cart=12332\" data-quantity=\"1\" class=\"tutor-btn tutor-btn-outline-primary tutor-btn-md tutor-btn-block  product_type_simple add_to_cart_button \" data-product_id=\"12332\" data-product_sku=\"\" aria-label=\"A\u00f1adir al carrito: &ldquo;Curso de Prueba&rdquo;\" rel=\"nofollow\"><span class=\"tutor-icon-cart-line tutor-mr-8\"><\/span><span class=\"cart-text\">Comprar este Curso<\/span><\/a> <\/div><\/div>\t<\/div>\n<\/div>\n<div class=\"tutor-card tutor-course-card\">\n<div class=\"tutor-course-thumbnail\">\n\t<a href=\"https:\/\/blickclub.com\/curso\/curso1\/\" class=\"tutor-d-block\">\n\t\t<div class=\"tutor-ratio tutor-ratio-16x9\">\n\t\t\t<img decoding=\"async\" class=\"tutor-card-image-top\" src=\"https:\/\/blickclub.com\/wp-content\/uploads\/sites\/306\/2025\/06\/Aura-curso_ejemplo-scaled.jpeg\" alt=\"Curso Ejemplo\" loading=\"lazy\">\n\t\t<\/div>\n\t<\/a>\n\t<\/div>\n\n<div class=\"tutor-card-body\">\n\n<div class=\"tutor-course-ratings tutor-mb-8\">\n\t\t<div class=\"tutor-ratings\">\n\t\t<div class=\"tutor-ratings-stars\">\n\t\t\t<span class=\"tutor-icon-star-line\" data-rating-value=\"1\"><\/span><span class=\"tutor-icon-star-line\" data-rating-value=\"2\"><\/span><span class=\"tutor-icon-star-line\" data-rating-value=\"3\"><\/span><span class=\"tutor-icon-star-line\" data-rating-value=\"4\"><\/span><span class=\"tutor-icon-star-line\" data-rating-value=\"5\"><\/span>\t\t<\/div>\n\n\t\t\t<\/div>\n\t<\/div>\n\n<h3 class=\"tutor-course-name tutor-fs-5 tutor-fw-medium\" title=\"Curso Ejemplo\">\n\t<a href=\"https:\/\/blickclub.com\/curso\/curso1\/\">Curso Ejemplo<\/a>\n<\/h3>\n\n<div class=\"tutor-meta tutor-mt-12 tutor-mb-20\">\n\t\n\t\t\t<div>\n\t\t\t<span class=\"tutor-icon-clock-line tutor-meta-icon\" area-hidden=\"true\"><\/span>\n\t\t\t<span class=\"tutor-meta-value\">\n\t\t\t\t 1h 30m\t\t\t<\/span>\n\t\t<\/div>\n\t<\/div>\n\n<div class=\"tutor-meta tutor-mt-auto\">\n\t<div>\n\t\t<a href=\"#\" class=\"tutor-d-flex\">\n\t\t\t<div class=\"tutor-avatar\"><div class=\"tutor-ratio tutor-ratio-1x1\"><span class=\"tutor-avatar-text\">K<\/span><\/div><\/div>\t\t<\/a>\n\t<\/div>\n\n\t<div>\n\t\tpor\t\t<a href=\"#\">KursoPro<\/a>\n\n\t\t\t<\/div>\n<\/div>\n\n<\/div>\n\n<div class=\"tutor-card-footer\">\n\t<div class=\" tutor-d-flex tutor-align-center tutor-justify-between \"><div class=\"list-item-price tutor-d-flex tutor-align-center\"> <span class=\"price tutor-fs-6 tutor-fw-bold tutor-color-black\"><span class=\"woocommerce-Price-amount amount\"><bdi><span class=\"woocommerce-Price-currencySymbol\">&#36;<\/span>80<\/bdi><\/span> <\/span><\/div><div class=\"list-item-button\"> \n\t<a href=\"\/index.php?rest_route=%2Fwp%2Fv2%2Fpages%2F1567&#038;add-to-cart=901\" data-quantity=\"1\" class=\"tutor-btn tutor-btn-outline-primary tutor-btn-md tutor-btn-block  product_type_simple add_to_cart_button \" data-product_id=\"901\" data-product_sku=\"\" aria-label=\"A\u00f1adir al carrito: &ldquo;Curso Ejemplo&rdquo;\" rel=\"nofollow\"><span class=\"tutor-icon-cart-line tutor-mr-8\"><\/span><span class=\"cart-text\">Comprar este Curso<\/span><\/a> <\/div><\/div>\t<\/div>\n<\/div>\n<\/div>\n\t\t\t\t<\/div>\n\t\t\t<\/div>\n\t\t\t<\/div>\n<\/div>\n\n\n\n<div class=\"tutor-modal tutor-login-modal\">\n\t<div class=\"tutor-modal-overlay\"><\/div>\n\t<div class=\"tutor-modal-window tutor-modal-window-sm\">\n\t\t<div class=\"tutor-modal-content tutor-modal-content-white\">\n\t\t\t<button class=\"tutor-iconic-btn tutor-modal-close-o\" data-tutor-modal-close>\n\t\t\t\t<span class=\"tutor-icon-times\" area-hidden=\"true\"><\/span>\n\t\t\t<\/button>\n\n\t\t\t<div class=\"tutor-modal-body\">\n\t\t\t\t<div class=\"tutor-py-48\">\n\t\t\t\t\t\t\t\t\t\t<div class=\"tutor-fs-4 tutor-fw-medium tutor-color-black tutor-mb-32\">Accede a tu cuenta<\/div>\n\t\t\t\t\t<form id=\"tutor-login-form\" method=\"post\">\n\t\t<input type=\"hidden\" id=\"_tutor_nonce\" name=\"_tutor_nonce\" value=\"5b1d0d8f86\" \/><input type=\"hidden\" name=\"_wp_http_referer\" value=\"\/index.php?rest_route=%2Fwp%2Fv2%2Fpages%2F1567\" \/>\t<input type=\"hidden\" name=\"tutor_action\" value=\"tutor_user_login\" \/>\n\t<input type=\"hidden\" name=\"redirect_to\" value=\"https:\/\/blickclub.com\/index.php?rest_route=%2Fwp%2Fv2%2Fpages%2F1567\" \/>\n\n\t<div class=\"tutor-mb-20\">\n\t\t<input type=\"text\" class=\"tutor-form-control\" placeholder=\"Nombre de usuario o correo electr\u00f3nico\" name=\"log\" value=\"\" size=\"20\" required\/>\n\t<\/div>\n\n\t<div class=\"tutor-mb-32\">\n\t\t<input type=\"password\" class=\"tutor-form-control\" placeholder=\"Contrase\u00f1a\" name=\"pwd\" value=\"\" size=\"20\" required\/>\n\t<\/div>\n\n\t<div class=\"tutor-login-error\"><\/div>\n\t\t\t<input type=\"hidden\" name=\"timezone\" value=\"America\/Mexico_City\" \/>\n\t\t<script>\n\t\t\tdocument.addEventListener('DOMContentLoaded', function() {\n\t\t\t\tconst timezone = document.querySelector('input[name=\"timezone\"]');\n\t\t\t\tif ( timezone) {\n\t\t\t\t\tconst tz = Intl.DateTimeFormat().resolvedOptions().timeZone;\n\t\t\t\t\ttimezone.value = tz\n\t\t\t\t}\n\t\t\t});\n\t\t<\/script>\n\t\t\t\t<input type=\"text\" style=\"display:none\" autocomplete=\"off\" value=\"\" name=\"_uuid\">\n\t\t<input type=\"hidden\" id=\"wpa_initiator\" class=\"wpa_initiator\" name=\"wpa_initiator\" value=\"\" \/><div class=\"wu-captcha-container wu-captcha-invisible\"><cap-widget id=\"wu-cap-widget-wp-login\" data-cap-api-endpoint=\"https:\/\/blickclub.com\/index.php?rest_route=\/wu-captcha\/v1\/cap\/\" data-cap-i18n-initial-state=\"Soy un humano\" data-cap-i18n-verifying-label=\"Verificando...\" data-cap-i18n-solved-label=\"Eres un humano\" data-cap-i18n-error-label=\"Verificaci\u00f3n fallida\" data-cap-i18n-wasm-disabled=\"Habilite WASM para una resoluci\u00f3n m\u00e1s r\u00e1pida\" data-cap-i18n-verify-aria-label=\"Haga clic para verificar que es un humano\" data-cap-i18n-verifying-aria-label=\"Verificando que eres un humano\" data-cap-i18n-verified-aria-label=\"Verificaci\u00f3n completa. Eres humano.\" data-cap-i18n-error-aria-label=\"Error en la verificaci\u00f3n. Int\u00e9ntalo de nuevo.\" onsolve=\"wuCapOnSolve(event.detail.token)\"><\/cap-widget><input type=\"hidden\" name=\"cap-token\" id=\"cap-token-wp-login\" class=\"cap-token-input\" value=\"\"><\/div>\t<div class=\"tutor-d-flex tutor-justify-between tutor-align-center tutor-mb-40\">\n\t\t<div class=\"tutor-form-check\">\n\t\t\t<input id=\"tutor-login-agmnt-1\" type=\"checkbox\" class=\"tutor-form-check-input tutor-bg-black-40\" name=\"rememberme\" value=\"forever\" \/>\n\t\t\t<label for=\"tutor-login-agmnt-1\" class=\"tutor-fs-7 tutor-color-muted\">\n\t\t\t\tRecuerdame\t\t\t<\/label>\n\t\t<\/div>\n\t\t<a href=\"https:\/\/blickclub.com\/escritorio\/retrieve-password\" class=\"tutor-btn tutor-btn-ghost\">\n\t\t\tRecuperar contrase\u00f1a\t\t<\/a>\n\t<\/div>\n\n\t\t<button type=\"submit\" class=\"tutor-btn tutor-btn-primary tutor-btn-block\">\n\t\tAcceder\t<\/button>\n\t\n\t\t\t\t\t<div class=\"tutor-text-center tutor-fs-6 tutor-color-secondary tutor-mt-20\">\n\t\t\t\u00bfNo tienes una cuenta?&nbsp;\n\t\t\t<a href=\"\/index.php?rest_route=%2Fwp%2Fv2%2Fpages%2F1567&#038;redirect_to=https:\/\/blickclub.com\/index.php?rest_route=%2Fwp%2Fv2%2Fpages%2F1567\" class=\"tutor-btn tutor-btn-link\">\n\t\t\t\tReg\u00edstrate ahora\t\t\t<\/a>\n\t\t<\/div>\n\t\t<\/form>\n<script>\n\tdocument.addEventListener('DOMContentLoaded', function() {\n\t\tvar { __ } = wp.i18n;\n\t\tvar loginModal = document.querySelector('.tutor-modal.tutor-login-modal');\n\t\tvar errors = [];\n\t\tif (loginModal && errors.length) {\n\t\t\tloginModal.classList.add('tutor-is-active');\n\t\t}\n\t});\n<\/script>\n\n\t\t\t\t\t\t\t\t\t<\/div>\n\t\t\t\t\t\t\t<\/div>\n\t\t<\/div>\n\t<\/div>\n<\/div>\n<\/div>\n\t\t\t\t\t\t<\/div>\n\t\t\t\t\t<\/div>\n\t\t\t\t<\/div>\n\t\t<div class=\"elementor-element elementor-element-7a446f5 e-flex e-con-boxed e-con e-parent\" data-id=\"7a446f5\" data-element_type=\"container\" data-e-type=\"container\" data-settings=\"{&quot;background_background&quot;:&quot;classic&quot;,&quot;shape_divider_top&quot;:&quot;curve&quot;,&quot;shape_divider_top_negative&quot;:&quot;yes&quot;}\">\n\t\t\t\t\t<div class=\"e-con-inner\">\n\t\t\t\t<div class=\"elementor-shape elementor-shape-top\" aria-hidden=\"true\" data-negative=\"true\">\n\t\t\t<svg xmlns=\"http:\/\/www.w3.org\/2000\/svg\" viewBox=\"0 0 1000 100\" preserveAspectRatio=\"none\">\n\t<path class=\"elementor-shape-fill\" d=\"M500,97C126.7,96.3,0.8,19.8,0,0v100l1000,0V1C1000,19.4,873.3,97.8,500,97z\"\/>\n<\/svg>\t\t<\/div>\n\t\t\t\t<div class=\"elementor-element elementor-element-9b29b1b elementor-view-default elementor-position-block-start elementor-mobile-position-block-start elementor-widget elementor-widget-icon-box\" data-id=\"9b29b1b\" data-element_type=\"widget\" data-e-type=\"widget\" data-widget_type=\"icon-box.default\">\n\t\t\t\t\t\t\t<div class=\"elementor-icon-box-wrapper\">\n\n\t\t\t\t\t\t<div class=\"elementor-icon-box-icon\">\n\t\t\t\t<span  class=\"elementor-icon\">\n\t\t\t\t<svg aria-hidden=\"true\" class=\"e-font-icon-svg e-far-heart\" viewBox=\"0 0 512 512\" xmlns=\"http:\/\/www.w3.org\/2000\/svg\"><path d=\"M458.4 64.3C400.6 15.7 311.3 23 256 79.3 200.7 23 111.4 15.6 53.6 64.3-21.6 127.6-10.6 230.8 43 285.5l175.4 178.7c10 10.2 23.4 15.9 37.6 15.9 14.3 0 27.6-5.6 37.6-15.8L469 285.6c53.5-54.7 64.7-157.9-10.6-221.3zm-23.6 187.5L259.4 430.5c-2.4 2.4-4.4 2.4-6.8 0L77.2 251.8c-36.5-37.2-43.9-107.6 7.3-150.7 38.9-32.7 98.9-27.8 136.5 10.5l35 35.7 35-35.7c37.8-38.5 97.8-43.2 136.5-10.6 51.1 43.1 43.5 113.9 7.3 150.8z\"><\/path><\/svg>\t\t\t\t<\/span>\n\t\t\t<\/div>\n\t\t\t\n\t\t\t\t\t\t<div class=\"elementor-icon-box-content\">\n\n\t\t\t\t\t\t\t\t\t<h2 class=\"elementor-icon-box-title\">\n\t\t\t\t\t\t<span  >\n\t\t\t\t\t\t\tOferta Especial\t\t\t\t\t\t<\/span>\n\t\t\t\t\t<\/h2>\n\t\t\t\t\n\t\t\t\t\t\t\t\t\t<p class=\"elementor-icon-box-description\">\n\t\t\t\t\t\tPuedes a\u00f1adir llamadas a la acci\u00f3n para tus ofertas, productos o servicios destacados.\t\t\t\t\t<\/p>\n\t\t\t\t\n\t\t\t<\/div>\n\t\t\t\n\t\t<\/div>\n\t\t\t\t\t\t<\/div>\n\t\t\t\t<div class=\"elementor-element elementor-element-83e65ce elementor-align-center elementor-widget elementor-widget-button\" data-id=\"83e65ce\" data-element_type=\"widget\" data-e-type=\"widget\" data-widget_type=\"button.default\">\n\t\t\t\t\t\t\t\t\t\t<a class=\"elementor-button elementor-button-link elementor-size-sm elementor-animation-grow\" href=\"#\">\n\t\t\t\t\t\t<span class=\"elementor-button-content-wrapper\">\n\t\t\t\t\t\t\t\t\t<span class=\"elementor-button-text\">Aprovechar Oferta<\/span>\n\t\t\t\t\t<\/span>\n\t\t\t\t\t<\/a>\n\t\t\t\t\t\t\t\t<\/div>\n\t\t\t\t\t<\/div>\n\t\t\t\t<\/div>\n\t\t\t\t<\/div>\n\t\t","protected":false},"excerpt":{"rendered":"<p>Cursos Oferta Especial Puedes a\u00f1adir llamadas a la acci\u00f3n para tus ofertas, productos o servicios destacados. Aprovechar Oferta<\/p>\n","protected":false},"author":4,"featured_media":0,"parent":0,"menu_order":3,"comment_status":"closed","ping_status":"closed","template":"elementor_header_footer","meta":{"_kpf_exit_popup_enabled":"","_kpf_exit_popup_mode":"","_kpf_exit_popup_design":"","_kpf_exit_popup_title":"","_kpf_exit_popup_description":"","_kpf_exit_popup_btn_text":"","_kpf_exit_popup_btn_url":"","_kpf_exit_popup_dismiss_text":"","_kpf_exit_popup_form_id":"","_kpf_exit_popup_success_msg":"","_kpf_exit_popup_color":"","_kpf_exit_popup_color2":"","_kpf_exit_popup_image":"","_kpf_exit_popup_badge":"","_kpf_exit_popup_countdown":"","site-sidebar-layout":"no-sidebar","site-content-layout":"","ast-site-content-layout":"full-width-container","site-content-style":"default","site-sidebar-style":"default","ast-global-header-display":"","ast-banner-title-visibility":"","ast-main-header-display":"","ast-hfb-above-header-display":"","ast-hfb-below-header-display":"","ast-hfb-mobile-header-display":"","site-post-title":"","ast-breadcrumbs-content":"","ast-featured-img":"disabled","footer-sml-layout":"","ast-disable-related-posts":"","theme-transparent-header-meta":"","adv-header-id-meta":"","stick-header-meta":"","header-above-stick-meta":"","header-main-stick-meta":"","header-below-stick-meta":"","astra-migrate-meta-layouts":"default","ast-page-background-enabled":"default","ast-page-background-meta":{"desktop":{"background-color":"var(--ast-global-color-5)","background-image":"","background-repeat":"repeat","background-position":"center center","background-size":"auto","background-attachment":"scroll","background-type":"","background-media":"","overlay-type":"","overlay-color":"","overlay-opacity":"","overlay-gradient":""},"tablet":{"background-color":"","background-image":"","background-repeat":"repeat","background-position":"center center","background-size":"auto","background-attachment":"scroll","background-type":"","background-media":"","overlay-type":"","overlay-color":"","overlay-opacity":"","overlay-gradient":""},"mobile":{"background-color":"","background-image":"","background-repeat":"repeat","background-position":"center center","background-size":"auto","background-attachment":"scroll","background-type":"","background-media":"","overlay-type":"","overlay-color":"","overlay-opacity":"","overlay-gradient":""}},"ast-content-background-meta":{"desktop":{"background-color":"var(--ast-global-color-4)","background-image":"","background-repeat":"repeat","background-position":"center center","background-size":"auto","background-attachment":"scroll","background-type":"","background-media":"","overlay-type":"","overlay-color":"","overlay-opacity":"","overlay-gradient":""},"tablet":{"background-color":"var(--ast-global-color-4)","background-image":"","background-repeat":"repeat","background-position":"center center","background-size":"auto","background-attachment":"scroll","background-type":"","background-media":"","overlay-type":"","overlay-color":"","overlay-opacity":"","overlay-gradient":""},"mobile":{"background-color":"var(--ast-global-color-4)","background-image":"","background-repeat":"repeat","background-position":"center center","background-size":"auto","background-attachment":"scroll","background-type":"","background-media":"","overlay-type":"","overlay-color":"","overlay-opacity":"","overlay-gradient":""}},"_joinchat":[],"footnotes":""},"class_list":["post-1567","page","type-page","status-publish","hentry"],"_links":{"self":[{"href":"https:\/\/blickclub.com\/index.php?rest_route=\/wp\/v2\/pages\/1567","targetHints":{"allow":["GET"]}}],"collection":[{"href":"https:\/\/blickclub.com\/index.php?rest_route=\/wp\/v2\/pages"}],"about":[{"href":"https:\/\/blickclub.com\/index.php?rest_route=\/wp\/v2\/types\/page"}],"author":[{"embeddable":true,"href":"https:\/\/blickclub.com\/index.php?rest_route=\/wp\/v2\/users\/4"}],"replies":[{"embeddable":true,"href":"https:\/\/blickclub.com\/index.php?rest_route=%2Fwp%2Fv2%2Fcomments&post=1567"}],"version-history":[{"count":0,"href":"https:\/\/blickclub.com\/index.php?rest_route=\/wp\/v2\/pages\/1567\/revisions"}],"wp:attachment":[{"href":"https:\/\/blickclub.com\/index.php?rest_route=%2Fwp%2Fv2%2Fmedia&parent=1567"}],"curies":[{"name":"wp","href":"https:\/\/api.w.org\/{rel}","templated":true}]}}